{"id":5392,"date":"2024-09-13T10:40:13","date_gmt":"2024-09-13T08:40:13","guid":{"rendered":"https:\/\/athletes.ch\/newsletter\/"},"modified":"2025-06-11T18:14:35","modified_gmt":"2025-06-11T16:14:35","slug":"newsletter","status":"publish","type":"page","link":"https:\/\/athletes.ch\/fr\/newsletter\/","title":{"rendered":"Newsletter"},"content":{"rendered":"\t\t<div data-elementor-type=\"wp-page\" data-elementor-id=\"5392\" class=\"elementor elementor-5392 elementor-193\" data-elementor-post-type=\"page\">\n\t\t\t\t<div class=\"elementor-element elementor-element-9b8376b e-flex e-con-boxed e-con e-parent\" data-id=\"9b8376b\" data-element_type=\"container\" data-e-type=\"container\" data-settings=\"{&quot;background_background&quot;:&quot;classic&quot;}\">\n\t\t\t\t\t<div class=\"e-con-inner\">\n\t\t\t\t<div class=\"elementor-element elementor-element-415a038 elementor-widget elementor-widget-heading\" data-id=\"415a038\" data-element_type=\"widget\" data-e-type=\"widget\" data-widget_type=\"heading.default\">\n\t\t\t\t<div class=\"elementor-widget-container\">\n\t\t\t\t\t<h2 class=\"elementor-heading-title elementor-size-default\">Notre team<\/h2>\t\t\t\t<\/div>\n\t\t\t\t<\/div>\n\t\t<div class=\"elementor-element elementor-element-c19e103 e-con-full e-flex e-con e-child\" data-id=\"c19e103\" data-element_type=\"container\" data-e-type=\"container\">\n\t\t\t\t<div class=\"elementor-element elementor-element-c2f4e08 elementor-widget elementor-widget-heading\" data-id=\"c2f4e08\" data-element_type=\"widget\" data-e-type=\"widget\" data-widget_type=\"heading.default\">\n\t\t\t\t<div class=\"elementor-widget-container\">\n\t\t\t\t\t<h3 class=\"elementor-heading-title elementor-size-default\"><a href=\"https:\/\/athletes.ch\/wir\/\">Nous<\/a><\/h3>\t\t\t\t<\/div>\n\t\t\t\t<\/div>\n\t\t\t\t<div class=\"elementor-element elementor-element-f8825bf elementor-widget elementor-widget-heading\" data-id=\"f8825bf\" data-element_type=\"widget\" data-e-type=\"widget\" data-widget_type=\"heading.default\">\n\t\t\t\t<div class=\"elementor-widget-container\">\n\t\t\t\t\t<h3 class=\"elementor-heading-title elementor-size-default\"><a href=\"https:\/\/athletes.ch\/team\/\">Team<\/a><\/h3>\t\t\t\t<\/div>\n\t\t\t\t<\/div>\n\t\t\t\t<div class=\"elementor-element elementor-element-b4f8691 elementor-widget elementor-widget-heading\" data-id=\"b4f8691\" data-element_type=\"widget\" data-e-type=\"widget\" data-widget_type=\"heading.default\">\n\t\t\t\t<div class=\"elementor-widget-container\">\n\t\t\t\t\t<h3 class=\"elementor-heading-title elementor-size-default\"><a href=\"https:\/\/athletes.ch\/kontakt\/\">Contact<\/a><\/h3>\t\t\t\t<\/div>\n\t\t\t\t<\/div>\n\t\t\t\t<div class=\"elementor-element elementor-element-2a50c2c elementor-widget elementor-widget-heading\" data-id=\"2a50c2c\" data-element_type=\"widget\" data-e-type=\"widget\" data-widget_type=\"heading.default\">\n\t\t\t\t<div class=\"elementor-widget-container\">\n\t\t\t\t\t<h3 class=\"elementor-heading-title elementor-size-default\"><a href=\"https:\/\/athletes.ch\/jobs\/\">Jobs<\/a><\/h3>\t\t\t\t<\/div>\n\t\t\t\t<\/div>\n\t\t\t\t<div class=\"elementor-element elementor-element-aecb866 elementor-widget elementor-widget-heading\" data-id=\"aecb866\" data-element_type=\"widget\" data-e-type=\"widget\" data-widget_type=\"heading.default\">\n\t\t\t\t<div class=\"elementor-widget-container\">\n\t\t\t\t\t<h3 class=\"elementor-heading-title elementor-size-default\"><a href=\"https:\/\/athletes.ch\/spenden\/\">Dons<\/a><\/h3>\t\t\t\t<\/div>\n\t\t\t\t<\/div>\n\t\t\t\t<div class=\"elementor-element elementor-element-bf79707 elementor-widget elementor-widget-heading\" data-id=\"bf79707\" data-element_type=\"widget\" data-e-type=\"widget\" data-widget_type=\"heading.default\">\n\t\t\t\t<div class=\"elementor-widget-container\">\n\t\t\t\t\t<h3 class=\"elementor-heading-title elementor-size-default\"><a href=\"https:\/\/athletes.ch\/partner\/\">Partenaires<\/a><\/h3>\t\t\t\t<\/div>\n\t\t\t\t<\/div>\n\t\t\t\t<\/div>\n\t\t\t\t<div class=\"elementor-element elementor-element-7b78fcd elementor-widget elementor-widget-heading\" data-id=\"7b78fcd\" data-element_type=\"widget\" data-e-type=\"widget\" data-widget_type=\"heading.default\">\n\t\t\t\t<div class=\"elementor-widget-container\">\n\t\t\t\t\t<h1 class=\"elementor-heading-title elementor-size-default\">Newsletter<\/h1>\t\t\t\t<\/div>\n\t\t\t\t<\/div>\n\t\t\t\t<div class=\"elementor-element elementor-element-9cfdeab elementor-widget elementor-widget-text-editor\" data-id=\"9cfdeab\" data-element_type=\"widget\" data-e-type=\"widget\" data-widget_type=\"text-editor.default\">\n\t\t\t\t<div class=\"elementor-widget-container\">\n\t\t\t\t\t\t\t\t\t<p>Abonne-toi \u00e0 notre newsletter pour rester en contact avec nous.<\/p>\n\t\t\t\t\t\t\t\t<\/div>\n\t\t\t\t<\/div>\n\t\t<div class=\"elementor-element elementor-element-ac87be9 e-con-full e-flex e-con e-child\" data-id=\"ac87be9\" data-element_type=\"container\" data-e-type=\"container\">\n\t\t\t\t<div class=\"elementor-element elementor-element-a1149d8 elementor-button-align-start elementor-widget elementor-widget-form\" data-id=\"a1149d8\" data-element_type=\"widget\" data-e-type=\"widget\" data-settings=\"{&quot;step_next_label&quot;:&quot;Suivant&quot;,&quot;step_previous_label&quot;:&quot;Pr\\u00e9c\\u00e9dent&quot;,&quot;button_width&quot;:&quot;100&quot;,&quot;step_type&quot;:&quot;number_text&quot;,&quot;step_icon_shape&quot;:&quot;circle&quot;}\" data-widget_type=\"form.default\">\n\t\t\t\t<div class=\"elementor-widget-container\">\n\t\t\t\t\t\t\t<form class=\"elementor-form\" method=\"post\" name=\"Newsletter\" aria-label=\"Newsletter\">\n\t\t\t<input type=\"hidden\" name=\"post_id\" value=\"5392\"\/>\n\t\t\t<input type=\"hidden\" name=\"form_id\" value=\"a1149d8\"\/>\n\t\t\t<input type=\"hidden\" name=\"referer_title\" value=\"Newsletter - Athletes in Action\" \/>\n\n\t\t\t\t\t\t\t<input type=\"hidden\" name=\"queried_id\" value=\"5392\"\/>\n\t\t\t\n\t\t\t<div class=\"elementor-form-fields-wrapper elementor-labels-\">\n\t\t\t\t\t\t\t\t<div class=\"elementor-field-type-text elementor-field-group elementor-column elementor-field-group-field_2eef1e7 elementor-col-100 elementor-field-required\">\n\t\t\t\t\t\t\t\t\t\t\t\t<label for=\"form-field-field_2eef1e7\" class=\"elementor-field-label elementor-screen-only\">\n\t\t\t\t\t\t\t\tPr\u00e9nom *\t\t\t\t\t\t\t<\/label>\n\t\t\t\t\t\t\t\t\t\t\t\t\t\t<input size=\"1\" type=\"text\" name=\"form_fields[field_2eef1e7]\" id=\"form-field-field_2eef1e7\" class=\"elementor-field elementor-size-sm  elementor-field-textual\" placeholder=\"Pr\u00e9nom *\" required=\"required\">\n\t\t\t\t\t\t\t\t\t\t\t<\/div>\n\t\t\t\t\t\t\t\t<div class=\"elementor-field-type-text elementor-field-group elementor-column elementor-field-group-field_260170f elementor-col-100 elementor-field-required\">\n\t\t\t\t\t\t\t\t\t\t\t\t<label for=\"form-field-field_260170f\" class=\"elementor-field-label elementor-screen-only\">\n\t\t\t\t\t\t\t\tNom *\t\t\t\t\t\t\t<\/label>\n\t\t\t\t\t\t\t\t\t\t\t\t\t\t<input size=\"1\" type=\"text\" name=\"form_fields[field_260170f]\" id=\"form-field-field_260170f\" class=\"elementor-field elementor-size-sm  elementor-field-textual\" placeholder=\"Nom *\" required=\"required\">\n\t\t\t\t\t\t\t\t\t\t\t<\/div>\n\t\t\t\t\t\t\t\t<div class=\"elementor-field-type-email elementor-field-group elementor-column elementor-field-group-field_afef274 elementor-col-100 elementor-field-required\">\n\t\t\t\t\t\t\t\t\t\t\t\t<label for=\"form-field-field_afef274\" class=\"elementor-field-label elementor-screen-only\">\n\t\t\t\t\t\t\t\tE-Mail *\t\t\t\t\t\t\t<\/label>\n\t\t\t\t\t\t\t\t\t\t\t\t\t\t<input size=\"1\" type=\"email\" name=\"form_fields[field_afef274]\" id=\"form-field-field_afef274\" class=\"elementor-field elementor-size-sm  elementor-field-textual\" placeholder=\"E-Mail *\" required=\"required\">\n\t\t\t\t\t\t\t\t\t\t\t<\/div>\n\t\t\t\t\t\t\t\t<div class=\"elementor-field-type-text elementor-field-group elementor-column elementor-field-group-field_ca1c148 elementor-col-100\">\n\t\t\t\t\t\t\t\t\t\t\t\t<label for=\"form-field-field_ca1c148\" class=\"elementor-field-label elementor-screen-only\">\n\t\t\t\t\t\t\t\tRue, No\t\t\t\t\t\t\t<\/label>\n\t\t\t\t\t\t\t\t\t\t\t\t\t\t<input size=\"1\" type=\"text\" name=\"form_fields[field_ca1c148]\" id=\"form-field-field_ca1c148\" class=\"elementor-field elementor-size-sm  elementor-field-textual\" placeholder=\"Rue, No\">\n\t\t\t\t\t\t\t\t\t\t\t<\/div>\n\t\t\t\t\t\t\t\t<div class=\"elementor-field-type-text elementor-field-group elementor-column elementor-field-group-field_dd4a897 elementor-col-100\">\n\t\t\t\t\t\t\t\t\t\t\t\t<label for=\"form-field-field_dd4a897\" class=\"elementor-field-label elementor-screen-only\">\n\t\t\t\t\t\t\t\tNPA\t\t\t\t\t\t\t<\/label>\n\t\t\t\t\t\t\t\t\t\t\t\t\t\t<input size=\"1\" type=\"text\" name=\"form_fields[field_dd4a897]\" id=\"form-field-field_dd4a897\" class=\"elementor-field elementor-size-sm  elementor-field-textual\" placeholder=\"NPA\">\n\t\t\t\t\t\t\t\t\t\t\t<\/div>\n\t\t\t\t\t\t\t\t<div class=\"elementor-field-type-acceptance elementor-field-group elementor-column elementor-field-group-field_20351a2 elementor-col-100 elementor-field-required\">\n\t\t\t\t\t\t\t\t\t\t\t\t<label for=\"form-field-field_20351a2\" class=\"elementor-field-label elementor-screen-only\">\n\t\t\t\t\t\t\t\tAccepter la protection des donn\u00e9es\t\t\t\t\t\t\t<\/label>\n\t\t\t\t\t\t\t\t<div class=\"elementor-field-subgroup\">\n\t\t\t<span class=\"elementor-field-option\">\n\t\t\t\t<input type=\"checkbox\" name=\"form_fields[field_20351a2]\" id=\"form-field-field_20351a2\" class=\"elementor-field elementor-size-sm  elementor-acceptance-field\" required=\"required\">\n\t\t\t\t<label for=\"form-field-field_20351a2\">J'accepte la<a href=\"https:\/\/www.cfc.ch\/datenschutz\/\"target=\"_blank\">protection des donn\u00e9es<\/a> *<\/label>\t\t\t<\/span>\n\t\t<\/div>\n\t\t\t\t\t\t<\/div>\n\t\t\t\t\t\t\t\t<div class=\"elementor-field-group elementor-column elementor-field-type-submit elementor-col-100 e-form__buttons\">\n\t\t\t\t\t<button class=\"elementor-button elementor-size-sm\" type=\"submit\">\n\t\t\t\t\t\t<span class=\"elementor-button-content-wrapper\">\n\t\t\t\t\t\t\t\t\t\t\t\t\t\t\t\t\t\t\t\t\t\t<span class=\"elementor-button-text\">Envoyer<\/span>\n\t\t\t\t\t\t\t\t\t\t\t\t\t<\/span>\n\t\t\t\t\t<\/button>\n\t\t\t\t<\/div>\n\t\t\t<\/div>\n\t\t<\/form>\n\t\t\t\t\t\t<\/div>\n\t\t\t\t<\/div>\n\t\t\t\t<\/div>\n\t\t\t\t\t<\/div>\n\t\t\t\t<\/div>\n\t\t\t\t<\/div>\n\t\t","protected":false},"excerpt":{"rendered":"<p>Notre team Nous Team Contact Jobs Dons Partenaires Newsletter Abonne-toi \u00e0 notre newsletter pour rester en contact avec nous.<\/p>\n","protected":false},"author":1,"featured_media":0,"parent":0,"menu_order":0,"comment_status":"closed","ping_status":"closed","template":"","meta":{"_acf_changed":false,"footnotes":""},"class_list":["post-5392","page","type-page","status-publish","hentry"],"acf":[],"yoast_head":"<!-- This site is optimized with the Yoast SEO plugin v27.2 - https:\/\/yoast.com\/product\/yoast-seo-wordpress\/ -->\n<title>Newsletter - Athletes in Action<\/title>\n<meta name=\"description\" content=\"Reste inform\u00e9 gr\u00e2ce \u00e0 la Newsletter d&#039;Athletes in Action - abonne-toi maintenant !\" \/>\n<meta name=\"robots\" content=\"index, follow, max-snippet:-1, max-image-preview:large, max-video-preview:-1\" \/>\n<link rel=\"canonical\" href=\"https:\/\/athletes.ch\/fr\/newsletter\/\" \/>\n<meta property=\"og:locale\" content=\"fr_FR\" \/>\n<meta property=\"og:type\" content=\"article\" \/>\n<meta property=\"og:title\" content=\"Newsletter - Athletes in Action\" \/>\n<meta property=\"og:description\" content=\"Reste inform\u00e9 gr\u00e2ce \u00e0 la Newsletter d&#039;Athletes in Action - abonne-toi maintenant !\" \/>\n<meta property=\"og:url\" content=\"https:\/\/athletes.ch\/fr\/newsletter\/\" \/>\n<meta property=\"og:site_name\" content=\"Athletes in Action\" \/>\n<meta property=\"article:modified_time\" content=\"2025-06-11T16:14:35+00:00\" \/>\n<meta name=\"twitter:card\" content=\"summary_large_image\" \/>\n<script type=\"application\/ld+json\" class=\"yoast-schema-graph\">{\"@context\":\"https:\/\/schema.org\",\"@graph\":[{\"@type\":\"WebPage\",\"@id\":\"https:\/\/athletes.ch\/fr\/newsletter\/\",\"url\":\"https:\/\/athletes.ch\/fr\/newsletter\/\",\"name\":\"Newsletter - Athletes in Action\",\"isPartOf\":{\"@id\":\"https:\/\/athletes.ch\/fr\/#website\"},\"datePublished\":\"2024-09-13T08:40:13+00:00\",\"dateModified\":\"2025-06-11T16:14:35+00:00\",\"description\":\"Reste inform\u00e9 gr\u00e2ce \u00e0 la Newsletter d'Athletes in Action - abonne-toi maintenant !\",\"breadcrumb\":{\"@id\":\"https:\/\/athletes.ch\/fr\/newsletter\/#breadcrumb\"},\"inLanguage\":\"fr-FR\",\"potentialAction\":[{\"@type\":\"ReadAction\",\"target\":[\"https:\/\/athletes.ch\/fr\/newsletter\/\"]}]},{\"@type\":\"BreadcrumbList\",\"@id\":\"https:\/\/athletes.ch\/fr\/newsletter\/#breadcrumb\",\"itemListElement\":[{\"@type\":\"ListItem\",\"position\":1,\"name\":\"Startseite\",\"item\":\"https:\/\/athletes.ch\/fr\/\"},{\"@type\":\"ListItem\",\"position\":2,\"name\":\"Newsletter\"}]},{\"@type\":\"WebSite\",\"@id\":\"https:\/\/athletes.ch\/fr\/#website\",\"url\":\"https:\/\/athletes.ch\/fr\/\",\"name\":\"Athletes in Action\",\"description\":\"Eine internationale, christliche Sportorganisation, die Menschen im Sport in Lebens- und Glaubensfragen unterst\u00fctzt.\",\"publisher\":{\"@id\":\"https:\/\/athletes.ch\/fr\/#organization\"},\"potentialAction\":[{\"@type\":\"SearchAction\",\"target\":{\"@type\":\"EntryPoint\",\"urlTemplate\":\"https:\/\/athletes.ch\/fr\/?s={search_term_string}\"},\"query-input\":{\"@type\":\"PropertyValueSpecification\",\"valueRequired\":true,\"valueName\":\"search_term_string\"}}],\"inLanguage\":\"fr-FR\"},{\"@type\":\"Organization\",\"@id\":\"https:\/\/athletes.ch\/fr\/#organization\",\"name\":\"Athletes in Action\",\"url\":\"https:\/\/athletes.ch\/fr\/\",\"logo\":{\"@type\":\"ImageObject\",\"inLanguage\":\"fr-FR\",\"@id\":\"https:\/\/athletes.ch\/fr\/#\/schema\/logo\/image\/\",\"url\":\"https:\/\/athletes.ch\/wp-content\/uploads\/2024\/09\/AiA_Logo_blau_RGB.svg\",\"contentUrl\":\"https:\/\/athletes.ch\/wp-content\/uploads\/2024\/09\/AiA_Logo_blau_RGB.svg\",\"width\":578,\"height\":259,\"caption\":\"Athletes in Action\"},\"image\":{\"@id\":\"https:\/\/athletes.ch\/fr\/#\/schema\/logo\/image\/\"},\"sameAs\":[\"https:\/\/www.instagram.com\/athletes.in.action\/\",\"https:\/\/www.youtube.com\/@aiaschweiz\"]}]}<\/script>\n<!-- \/ Yoast SEO plugin. -->","yoast_head_json":{"title":"Newsletter - Athletes in Action","description":"Reste inform\u00e9 gr\u00e2ce \u00e0 la Newsletter d'Athletes in Action - abonne-toi maintenant !","robots":{"index":"index","follow":"follow","max-snippet":"max-snippet:-1","max-image-preview":"max-image-preview:large","max-video-preview":"max-video-preview:-1"},"canonical":"https:\/\/athletes.ch\/fr\/newsletter\/","og_locale":"fr_FR","og_type":"article","og_title":"Newsletter - Athletes in Action","og_description":"Reste inform\u00e9 gr\u00e2ce \u00e0 la Newsletter d'Athletes in Action - abonne-toi maintenant !","og_url":"https:\/\/athletes.ch\/fr\/newsletter\/","og_site_name":"Athletes in Action","article_modified_time":"2025-06-11T16:14:35+00:00","twitter_card":"summary_large_image","schema":{"@context":"https:\/\/schema.org","@graph":[{"@type":"WebPage","@id":"https:\/\/athletes.ch\/fr\/newsletter\/","url":"https:\/\/athletes.ch\/fr\/newsletter\/","name":"Newsletter - Athletes in Action","isPartOf":{"@id":"https:\/\/athletes.ch\/fr\/#website"},"datePublished":"2024-09-13T08:40:13+00:00","dateModified":"2025-06-11T16:14:35+00:00","description":"Reste inform\u00e9 gr\u00e2ce \u00e0 la Newsletter d'Athletes in Action - abonne-toi maintenant !","breadcrumb":{"@id":"https:\/\/athletes.ch\/fr\/newsletter\/#breadcrumb"},"inLanguage":"fr-FR","potentialAction":[{"@type":"ReadAction","target":["https:\/\/athletes.ch\/fr\/newsletter\/"]}]},{"@type":"BreadcrumbList","@id":"https:\/\/athletes.ch\/fr\/newsletter\/#breadcrumb","itemListElement":[{"@type":"ListItem","position":1,"name":"Startseite","item":"https:\/\/athletes.ch\/fr\/"},{"@type":"ListItem","position":2,"name":"Newsletter"}]},{"@type":"WebSite","@id":"https:\/\/athletes.ch\/fr\/#website","url":"https:\/\/athletes.ch\/fr\/","name":"Athletes in Action","description":"Eine internationale, christliche Sportorganisation, die Menschen im Sport in Lebens- und Glaubensfragen unterst\u00fctzt.","publisher":{"@id":"https:\/\/athletes.ch\/fr\/#organization"},"potentialAction":[{"@type":"SearchAction","target":{"@type":"EntryPoint","urlTemplate":"https:\/\/athletes.ch\/fr\/?s={search_term_string}"},"query-input":{"@type":"PropertyValueSpecification","valueRequired":true,"valueName":"search_term_string"}}],"inLanguage":"fr-FR"},{"@type":"Organization","@id":"https:\/\/athletes.ch\/fr\/#organization","name":"Athletes in Action","url":"https:\/\/athletes.ch\/fr\/","logo":{"@type":"ImageObject","inLanguage":"fr-FR","@id":"https:\/\/athletes.ch\/fr\/#\/schema\/logo\/image\/","url":"https:\/\/athletes.ch\/wp-content\/uploads\/2024\/09\/AiA_Logo_blau_RGB.svg","contentUrl":"https:\/\/athletes.ch\/wp-content\/uploads\/2024\/09\/AiA_Logo_blau_RGB.svg","width":578,"height":259,"caption":"Athletes in Action"},"image":{"@id":"https:\/\/athletes.ch\/fr\/#\/schema\/logo\/image\/"},"sameAs":["https:\/\/www.instagram.com\/athletes.in.action\/","https:\/\/www.youtube.com\/@aiaschweiz"]}]}},"_links":{"self":[{"href":"https:\/\/athletes.ch\/fr\/wp-json\/wp\/v2\/pages\/5392","targetHints":{"allow":["GET"]}}],"collection":[{"href":"https:\/\/athletes.ch\/fr\/wp-json\/wp\/v2\/pages"}],"about":[{"href":"https:\/\/athletes.ch\/fr\/wp-json\/wp\/v2\/types\/page"}],"author":[{"embeddable":true,"href":"https:\/\/athletes.ch\/fr\/wp-json\/wp\/v2\/users\/1"}],"replies":[{"embeddable":true,"href":"https:\/\/athletes.ch\/fr\/wp-json\/wp\/v2\/comments?post=5392"}],"version-history":[{"count":0,"href":"https:\/\/athletes.ch\/fr\/wp-json\/wp\/v2\/pages\/5392\/revisions"}],"wp:attachment":[{"href":"https:\/\/athletes.ch\/fr\/wp-json\/wp\/v2\/media?parent=5392"}],"curies":[{"name":"wp","href":"https:\/\/api.w.org\/{rel}","templated":true}]}}