{"id":5411,"date":"2024-09-13T10:39:22","date_gmt":"2024-09-13T08:39:22","guid":{"rendered":"https:\/\/athletes.ch\/notre-team\/"},"modified":"2025-06-11T18:29:13","modified_gmt":"2025-06-11T16:29:13","slug":"notre-team","status":"publish","type":"page","link":"https:\/\/athletes.ch\/fr\/notre-team\/","title":{"rendered":"Notre Team"},"content":{"rendered":"\t\t<div data-elementor-type=\"wp-page\" data-elementor-id=\"5411\" class=\"elementor elementor-5411 elementor-189\" data-elementor-post-type=\"page\">\n\t\t\t\t<div class=\"elementor-element elementor-element-3c2fa5d e-flex e-con-boxed e-con e-parent\" data-id=\"3c2fa5d\" data-element_type=\"container\" data-e-type=\"container\" data-settings=\"{&quot;background_background&quot;:&quot;classic&quot;}\">\n\t\t\t\t\t<div class=\"e-con-inner\">\n\t\t\t\t<div class=\"elementor-element elementor-element-36d240b elementor-widget elementor-widget-heading\" data-id=\"36d240b\" data-element_type=\"widget\" data-e-type=\"widget\" data-widget_type=\"heading.default\">\n\t\t\t\t<div class=\"elementor-widget-container\">\n\t\t\t\t\t<h2 class=\"elementor-heading-title elementor-size-default\">Notre team<\/h2>\t\t\t\t<\/div>\n\t\t\t\t<\/div>\n\t\t<div class=\"elementor-element elementor-element-211b9ff e-con-full e-flex e-con e-child\" data-id=\"211b9ff\" data-element_type=\"container\" data-e-type=\"container\">\n\t\t\t\t<div class=\"elementor-element elementor-element-6993461 elementor-widget elementor-widget-heading\" data-id=\"6993461\" data-element_type=\"widget\" data-e-type=\"widget\" data-widget_type=\"heading.default\">\n\t\t\t\t<div class=\"elementor-widget-container\">\n\t\t\t\t\t<h3 class=\"elementor-heading-title elementor-size-default\"><a href=\"https:\/\/athletes.ch\/wir\/\">Nous<\/a><\/h3>\t\t\t\t<\/div>\n\t\t\t\t<\/div>\n\t\t\t\t<div class=\"elementor-element elementor-element-7e8d8c6 elementor-widget elementor-widget-heading\" data-id=\"7e8d8c6\" data-element_type=\"widget\" data-e-type=\"widget\" data-widget_type=\"heading.default\">\n\t\t\t\t<div class=\"elementor-widget-container\">\n\t\t\t\t\t<h1 class=\"elementor-heading-title elementor-size-default\"><a href=\"https:\/\/athletes.ch\/team\/\">Team<\/a><\/h1>\t\t\t\t<\/div>\n\t\t\t\t<\/div>\n\t\t\t\t<div class=\"elementor-element elementor-element-2374606 elementor-widget elementor-widget-heading\" data-id=\"2374606\" data-element_type=\"widget\" data-e-type=\"widget\" data-widget_type=\"heading.default\">\n\t\t\t\t<div class=\"elementor-widget-container\">\n\t\t\t\t\t<h3 class=\"elementor-heading-title elementor-size-default\"><a href=\"https:\/\/athletes.ch\/kontakt\/\">Contact<\/a><\/h3>\t\t\t\t<\/div>\n\t\t\t\t<\/div>\n\t\t\t\t<div class=\"elementor-element elementor-element-11c8e29 elementor-widget elementor-widget-heading\" data-id=\"11c8e29\" data-element_type=\"widget\" data-e-type=\"widget\" data-widget_type=\"heading.default\">\n\t\t\t\t<div class=\"elementor-widget-container\">\n\t\t\t\t\t<h3 class=\"elementor-heading-title elementor-size-default\"><a href=\"https:\/\/athletes.ch\/jobs\/\">Jobs<\/a><\/h3>\t\t\t\t<\/div>\n\t\t\t\t<\/div>\n\t\t\t\t<div class=\"elementor-element elementor-element-6db06cb elementor-widget elementor-widget-heading\" data-id=\"6db06cb\" data-element_type=\"widget\" data-e-type=\"widget\" data-widget_type=\"heading.default\">\n\t\t\t\t<div class=\"elementor-widget-container\">\n\t\t\t\t\t<h3 class=\"elementor-heading-title elementor-size-default\"><a href=\"https:\/\/athletes.ch\/spenden\/\">Dons<\/a><\/h3>\t\t\t\t<\/div>\n\t\t\t\t<\/div>\n\t\t\t\t<div class=\"elementor-element elementor-element-20c02ab elementor-widget elementor-widget-heading\" data-id=\"20c02ab\" data-element_type=\"widget\" data-e-type=\"widget\" data-widget_type=\"heading.default\">\n\t\t\t\t<div class=\"elementor-widget-container\">\n\t\t\t\t\t<h3 class=\"elementor-heading-title elementor-size-default\"><a href=\"https:\/\/athletes.ch\/partner\/\">Partenaires<\/a><\/h3>\t\t\t\t<\/div>\n\t\t\t\t<\/div>\n\t\t\t\t<\/div>\n\t\t\t\t<div class=\"elementor-element elementor-element-8615a59 elementor-widget elementor-widget-n-accordion\" data-id=\"8615a59\" data-element_type=\"widget\" data-e-type=\"widget\" data-settings=\"{&quot;default_state&quot;:&quot;all_collapsed&quot;,&quot;max_items_expended&quot;:&quot;one&quot;,&quot;n_accordion_animation_duration&quot;:{&quot;unit&quot;:&quot;ms&quot;,&quot;size&quot;:400,&quot;sizes&quot;:[]}}\" data-widget_type=\"nested-accordion.default\">\n\t\t\t\t<div class=\"elementor-widget-container\">\n\t\t\t\t\t\t\t<div class=\"e-n-accordion\" aria-label=\"Accordion. Open links with Enter or Space, close with Escape, and navigate with Arrow Keys\">\n\t\t\t\t\t\t<details id=\"e-n-accordion-item-1400\" class=\"e-n-accordion-item\" >\n\t\t\t\t<summary class=\"e-n-accordion-item-title\" data-accordion-index=\"1\" tabindex=\"0\" aria-expanded=\"false\" aria-controls=\"e-n-accordion-item-1400\" >\n\t\t\t\t\t<span class='e-n-accordion-item-title-header'><h3 class=\"e-n-accordion-item-title-text\"> <div class=\"accordion-content\">     <div class=\"text-wrapper\">         <span class=\"accordion-title\">Regula C. Carrillo<\/span>     <\/div>     <div class=\"image-wrapper\">         <img decoding=\"async\" src=\"\/wp-content\/uploads\/2024\/10\/portrait-regula-carrilo.png\" class=\"accordion-icon grow\">         <a href=\"mailto:regula.carrillo@athletes.ch?subject=Kontaktanfrage&amp;body=Hallo%20Regula%0A%0AMein%20Name%20ist%3A%0AIch%20melde%20mich%20betreffend%3A\" class=\"elementor-button-text contact-button\" target=\"_blank\">Kontakt<\/a>     <\/div> <\/div> <\/h3><\/span>\n\t\t\t\t\t\t\t\t\t<\/summary>\n\t\t\t\t<div role=\"region\" aria-labelledby=\"e-n-accordion-item-1400\" class=\"elementor-element elementor-element-9b23ee7 e-con-full e-flex e-con e-child\" data-id=\"9b23ee7\" data-element_type=\"container\" data-e-type=\"container\">\n\t\t\t\t<div class=\"elementor-element elementor-element-d4169b9 elementor-widget elementor-widget-text-editor\" data-id=\"d4169b9\" data-element_type=\"widget\" data-e-type=\"widget\" data-widget_type=\"text-editor.default\">\n\t\t\t\t<div class=\"elementor-widget-container\">\n\t\t\t\t\t\t\t\t\t<p><strong>Ce qui m&rsquo;enthousiasme<\/strong>, c&rsquo;est de voir des personnes faire l&rsquo;exp\u00e9rience de \u00ab More than Gold &#8230; \u00bb dans le sport et d&rsquo;exploiter de plus en plus le potentiel que Dieu leur a donn\u00e9.<\/p>\n<p><strong>Ma passion est<\/strong> de soutenir et d&rsquo;accompagner les sportifs dans les questions de vie et de foi.<\/p>\n<p><strong>Un sport dont je ne pourrais pas me passer :<\/strong> Le ski de fond est le sport que je pr\u00e9f\u00e8re : force, endurance, technique, dynamisme, neige, nature avec de magnifiques pistes. Je pratique aussi volontiers d&rsquo;autres sports d&rsquo;endurance : V\u00e9lo de course, VTT, roller, jogging ou encore tennis, escalade, ski.<\/p>\n<p><strong>Je suis chez AiA<\/strong> parce que j&rsquo;aimerais voir encore plus de gens vivre la puissance de la rencontre entre le sport et la foi en J\u00e9sus-Christ.<\/p>\n\t\t\t\t\t\t\t\t<\/div>\n\t\t\t\t<\/div>\n\t\t\t\t<\/div>\n\t\t\t\t\t<\/details>\n\t\t\t\t\t\t<details id=\"e-n-accordion-item-1401\" class=\"e-n-accordion-item\" >\n\t\t\t\t<summary class=\"e-n-accordion-item-title\" data-accordion-index=\"2\" tabindex=\"-1\" aria-expanded=\"false\" aria-controls=\"e-n-accordion-item-1401\" >\n\t\t\t\t\t<span class='e-n-accordion-item-title-header'><h3 class=\"e-n-accordion-item-title-text\"> <div class=\"accordion-content\">     <div class=\"text-wrapper\">         <span class=\"accordion-title\">Sandrine Ray<\/span>     <\/div>     <div class=\"image-wrapper grow\">         <img decoding=\"async\" src=\"\/wp-content\/uploads\/2024\/10\/portrait-sandrine-ray.png\" class=\"accordion-icon grow\">         <a href=\"mailto:sandrine.ray@athletes.ch?subject=Kontaktanfrage&amp;body=Hallo%20Sandrine%0A%0AMein%20Name%20ist%3A%0AIch%20melde%20mich%20betreffend%3A\" class=\"elementor-button-text contact-button\" target=\"_blank\">Kontakt<\/a>     <\/div> <\/div> <\/h3><\/span>\n\t\t\t\t\t\t\t\t\t<\/summary>\n\t\t\t\t<div role=\"region\" aria-labelledby=\"e-n-accordion-item-1401\" class=\"elementor-element elementor-element-7be2bc6 e-con-full e-flex e-con e-child\" data-id=\"7be2bc6\" data-element_type=\"container\" data-e-type=\"container\">\n\t\t\t\t<div class=\"elementor-element elementor-element-f5b090b elementor-widget elementor-widget-text-editor\" data-id=\"f5b090b\" data-element_type=\"widget\" data-e-type=\"widget\" data-widget_type=\"text-editor.default\">\n\t\t\t\t<div class=\"elementor-widget-container\">\n\t\t\t\t\t\t\t\t\t<p><strong>Ce qui me passionne,<\/strong> c\u2019est d\u2019\u00eatre en mouvement et de passer du temps avec des gens. J\u2019aime faire des activit\u00e9s en \u00e9quipe en ext\u00e9rieur dans la nature ou alors \u00e0 l\u2019int\u00e9rieur autour d\u2019un ap\u00e9ro ou d\u2019un bon repas.<\/p>\n<p>Mon sport favori est le hockey-sur-glace, auquel j\u2019ai jou\u00e9 \u00e0 haut niveau. Aujourd\u2019hui je donne encore des entra\u00eenements sur la glace pour les filles (enfants et adultes) et <strong>je pratique r\u00e9guli\u00e8rement<\/strong> le unihockey, le tennis et l\u2019escalade, entre autres, pour le plaisir.<\/p>\n<p><strong>Je suis avec AiA,<\/strong> car le sport est une plateforme unique, o\u00f9 des personnes de tous \u00e2ges, de toutes cultures, de toutes croyances et de tous rangs sociaux se rencontrent et se livrent passionn\u00e9ment. J\u2019ai \u00e0 coeur que les sportifs ne se sentent pas isol\u00e9s et qu\u2019il puissent vivre et partager leur foi dans leur pratique sportive.<\/p>\n\t\t\t\t\t\t\t\t<\/div>\n\t\t\t\t<\/div>\n\t\t\t\t<\/div>\n\t\t\t\t\t<\/details>\n\t\t\t\t\t\t<details id=\"e-n-accordion-item-1402\" class=\"e-n-accordion-item\" >\n\t\t\t\t<summary class=\"e-n-accordion-item-title\" data-accordion-index=\"3\" tabindex=\"-1\" aria-expanded=\"false\" aria-controls=\"e-n-accordion-item-1402\" >\n\t\t\t\t\t<span class='e-n-accordion-item-title-header'><h3 class=\"e-n-accordion-item-title-text\"> <div class=\"accordion-content\">     <div class=\"text-wrapper\">         <span class=\"accordion-title\">Matthias Maurer<\/span>     <\/div>     <div class=\"image-wrapper grow\">         <img decoding=\"async\" src=\"\/wp-content\/uploads\/2024\/10\/matthias-maurer.png\" class=\"accordion-icon grow\">         <a href=\"mailto:matthias.maurer@athletes.ch?subject=Kontaktanfrage&amp;body=Hallo%20Matthias%0A%0AMein%20Name%20ist%3A%0AIch%20melde%20mich%20betreffend%3A\" class=\"elementor-button-text contact-button\" target=\"_blank\">Kontakt<\/a>     <\/div> <\/div> <\/h3><\/span>\n\t\t\t\t\t\t\t\t\t<\/summary>\n\t\t\t\t<div role=\"region\" aria-labelledby=\"e-n-accordion-item-1402\" class=\"elementor-element elementor-element-0c5a450 e-con-full e-flex e-con e-child\" data-id=\"0c5a450\" data-element_type=\"container\" data-e-type=\"container\">\n\t\t\t\t<div class=\"elementor-element elementor-element-e2d7fe3 elementor-widget elementor-widget-text-editor\" data-id=\"e2d7fe3\" data-element_type=\"widget\" data-e-type=\"widget\" data-widget_type=\"text-editor.default\">\n\t\t\t\t<div class=\"elementor-widget-container\">\n\t\t\t\t\t\t\t\t\t<p><strong>Ce qui m&rsquo;enthousiasme<\/strong>, c&rsquo;est quand les gens se r\u00e9unissent, font du sport et prennent plaisir \u00e0 bouger et \u00e0 d\u00e9couvrir la nature dans laquelle ils \u00e9voluent.<\/p>\n<p><strong>Je fais moi-m\u00eame du sport activement<\/strong>, d&rsquo;une part en tant que joueur de tennis en interclubs et d&rsquo;autre part en faisant du jogging.<\/p>\n<p><strong>Je suis chez AiA<\/strong> parce qu&rsquo;il faut que beaucoup de gens d\u00e9couvrent que l&rsquo;on peut vivre intens\u00e9ment sa foi dans le sport.<\/p>\n\t\t\t\t\t\t\t\t<\/div>\n\t\t\t\t<\/div>\n\t\t\t\t<\/div>\n\t\t\t\t\t<\/details>\n\t\t\t\t\t\t<details id=\"e-n-accordion-item-1403\" class=\"e-n-accordion-item\" >\n\t\t\t\t<summary class=\"e-n-accordion-item-title\" data-accordion-index=\"4\" tabindex=\"-1\" aria-expanded=\"false\" aria-controls=\"e-n-accordion-item-1403\" >\n\t\t\t\t\t<span class='e-n-accordion-item-title-header'><h3 class=\"e-n-accordion-item-title-text\"> <div class=\"accordion-content\">     <div class=\"text-wrapper\">         <span class=\"accordion-title\">Ylona Stalder<\/span>     <\/div>     <div class=\"image-wrapper grow\">         <img decoding=\"async\" src=\"\/wp-content\/uploads\/2024\/11\/portrait-ylona-stalder-bearbeitet.png\" class=\"accordion-icon grow\">         <a href=\"mailto:ylona.stalder@athletes.ch?subject=Kontaktanfrage&amp;body=Hallo%20Ylona%0A%0AMein%20Name%20ist%3A%0AIch%20melde%20mich%20betreffend%3A\" class=\"elementor-button-text contact-button\" target=\"_blank\">Kontakt<\/a>     <\/div> <\/div> <\/h3><\/span>\n\t\t\t\t\t\t\t\t\t<\/summary>\n\t\t\t\t<div role=\"region\" aria-labelledby=\"e-n-accordion-item-1403\" class=\"elementor-element elementor-element-2e4b391 e-con-full e-flex e-con e-child\" data-id=\"2e4b391\" data-element_type=\"container\" data-e-type=\"container\">\n\t\t\t\t<div class=\"elementor-element elementor-element-b4f37ce elementor-widget elementor-widget-text-editor\" data-id=\"b4f37ce\" data-element_type=\"widget\" data-e-type=\"widget\" data-widget_type=\"text-editor.default\">\n\t\t\t\t<div class=\"elementor-widget-container\">\n\t\t\t\t\t\t\t\t\t<p><strong>Ce qui m&rsquo;enthousiasme<\/strong>, c&rsquo;est de voir comment le sport cr\u00e9e des liens et permet de jeter les bases d&rsquo;une bonne communaut\u00e9.<\/p>\n<p><strong>Je suis moi-m\u00eame active<\/strong> en basket-ball, o\u00f9 je joue en championnat, et on me voit aussi souvent au gymnase dans le cadre de ma formation de professeur d&rsquo;\u00e9ducation physique.<\/p>\n<p><strong>Je fais mon stage chez AiA<\/strong> parce que les deux domaines les plus importants de ma vie se rejoignent chez AiA : Le sport et la foi. Je souhaite que beaucoup d&rsquo;autres personnes puissent vivre activement la foi dans le sport.<\/p>\n\t\t\t\t\t\t\t\t<\/div>\n\t\t\t\t<\/div>\n\t\t\t\t<\/div>\n\t\t\t\t\t<\/details>\n\t\t\t\t\t<\/div>\n\t\t\t\t\t\t<\/div>\n\t\t\t\t<\/div>\n\t\t\t\t<div class=\"elementor-element elementor-element-01a6905 elementor-widget elementor-widget-html\" data-id=\"01a6905\" data-element_type=\"widget\" data-e-type=\"widget\" data-widget_type=\"html.default\">\n\t\t\t\t<div class=\"elementor-widget-container\">\n\t\t\t\t\t<script>\r\n    document.addEventListener('DOMContentLoaded', function() {\r\n    const kontaktLinks = document.querySelectorAll('.contact-button');\r\n    kontaktLinks.forEach(link => {\r\n        link.addEventListener('click', function(e) {\r\n            e.stopPropagation();\r\n        });\r\n    });\r\n});\r\n<\/script>\t\t\t\t<\/div>\n\t\t\t\t<\/div>\n\t\t\t\t\t<\/div>\n\t\t\t\t<\/div>\n\t\t\t\t<\/div>\n\t\t","protected":false},"excerpt":{"rendered":"<p>Notre team Nous Team Contact Jobs Dons Partenaires Regula C. Carrillo Kontakt Ce qui m&rsquo;enthousiasme, c&rsquo;est de voir des personnes faire l&rsquo;exp\u00e9rience de \u00ab More than Gold &#8230; \u00bb dans le sport et d&rsquo;exploiter de plus en plus le potentiel que Dieu leur a donn\u00e9. Ma passion est de soutenir et d&rsquo;accompagner les sportifs dans [&hellip;]<\/p>\n","protected":false},"author":1,"featured_media":0,"parent":0,"menu_order":0,"comment_status":"closed","ping_status":"closed","template":"","meta":{"_acf_changed":false,"footnotes":""},"class_list":["post-5411","page","type-page","status-publish","hentry"],"acf":[],"yoast_head":"<!-- This site is optimized with the Yoast SEO plugin v27.2 - https:\/\/yoast.com\/product\/yoast-seo-wordpress\/ -->\n<title>Notre Team - Athletes in Action<\/title>\n<meta name=\"description\" content=\"Nous sommes l&#039;\u00e9quipe d&#039;Athletes in Action. Apprends \u00e0 nous conna\u00eetre ; ce qui nous passionne et pourquoi nous faisons partie de l&#039;\u00e9quipe AiA.\" \/>\n<meta name=\"robots\" content=\"index, follow, max-snippet:-1, max-image-preview:large, max-video-preview:-1\" \/>\n<link rel=\"canonical\" href=\"https:\/\/athletes.ch\/fr\/notre-team\/\" \/>\n<meta property=\"og:locale\" content=\"fr_FR\" \/>\n<meta property=\"og:type\" content=\"article\" \/>\n<meta property=\"og:title\" content=\"Notre Team - Athletes in Action\" \/>\n<meta property=\"og:description\" content=\"Nous sommes l&#039;\u00e9quipe d&#039;Athletes in Action. Apprends \u00e0 nous conna\u00eetre ; ce qui nous passionne et pourquoi nous faisons partie de l&#039;\u00e9quipe AiA.\" \/>\n<meta property=\"og:url\" content=\"https:\/\/athletes.ch\/fr\/notre-team\/\" \/>\n<meta property=\"og:site_name\" content=\"Athletes in Action\" \/>\n<meta property=\"article:modified_time\" content=\"2025-06-11T16:29:13+00:00\" \/>\n<meta name=\"twitter:card\" content=\"summary_large_image\" \/>\n<meta name=\"twitter:label1\" content=\"Dur\u00e9e de lecture estim\u00e9e\" \/>\n\t<meta name=\"twitter:data1\" content=\"5 minutes\" \/>\n<script type=\"application\/ld+json\" class=\"yoast-schema-graph\">{\"@context\":\"https:\/\/schema.org\",\"@graph\":[{\"@type\":\"WebPage\",\"@id\":\"https:\/\/athletes.ch\/fr\/notre-team\/\",\"url\":\"https:\/\/athletes.ch\/fr\/notre-team\/\",\"name\":\"Notre Team - Athletes in Action\",\"isPartOf\":{\"@id\":\"https:\/\/athletes.ch\/fr\/#website\"},\"datePublished\":\"2024-09-13T08:39:22+00:00\",\"dateModified\":\"2025-06-11T16:29:13+00:00\",\"description\":\"Nous sommes l'\u00e9quipe d'Athletes in Action. Apprends \u00e0 nous conna\u00eetre ; ce qui nous passionne et pourquoi nous faisons partie de l'\u00e9quipe AiA.\",\"breadcrumb\":{\"@id\":\"https:\/\/athletes.ch\/fr\/notre-team\/#breadcrumb\"},\"inLanguage\":\"fr-FR\",\"potentialAction\":[{\"@type\":\"ReadAction\",\"target\":[\"https:\/\/athletes.ch\/fr\/notre-team\/\"]}]},{\"@type\":\"BreadcrumbList\",\"@id\":\"https:\/\/athletes.ch\/fr\/notre-team\/#breadcrumb\",\"itemListElement\":[{\"@type\":\"ListItem\",\"position\":1,\"name\":\"Startseite\",\"item\":\"https:\/\/athletes.ch\/fr\/\"},{\"@type\":\"ListItem\",\"position\":2,\"name\":\"Notre Team\"}]},{\"@type\":\"WebSite\",\"@id\":\"https:\/\/athletes.ch\/fr\/#website\",\"url\":\"https:\/\/athletes.ch\/fr\/\",\"name\":\"Athletes in Action\",\"description\":\"Eine internationale, christliche Sportorganisation, die Menschen im Sport in Lebens- und Glaubensfragen unterst\u00fctzt.\",\"publisher\":{\"@id\":\"https:\/\/athletes.ch\/fr\/#organization\"},\"potentialAction\":[{\"@type\":\"SearchAction\",\"target\":{\"@type\":\"EntryPoint\",\"urlTemplate\":\"https:\/\/athletes.ch\/fr\/?s={search_term_string}\"},\"query-input\":{\"@type\":\"PropertyValueSpecification\",\"valueRequired\":true,\"valueName\":\"search_term_string\"}}],\"inLanguage\":\"fr-FR\"},{\"@type\":\"Organization\",\"@id\":\"https:\/\/athletes.ch\/fr\/#organization\",\"name\":\"Athletes in Action\",\"url\":\"https:\/\/athletes.ch\/fr\/\",\"logo\":{\"@type\":\"ImageObject\",\"inLanguage\":\"fr-FR\",\"@id\":\"https:\/\/athletes.ch\/fr\/#\/schema\/logo\/image\/\",\"url\":\"https:\/\/athletes.ch\/wp-content\/uploads\/2024\/09\/AiA_Logo_blau_RGB.svg\",\"contentUrl\":\"https:\/\/athletes.ch\/wp-content\/uploads\/2024\/09\/AiA_Logo_blau_RGB.svg\",\"width\":578,\"height\":259,\"caption\":\"Athletes in Action\"},\"image\":{\"@id\":\"https:\/\/athletes.ch\/fr\/#\/schema\/logo\/image\/\"},\"sameAs\":[\"https:\/\/www.instagram.com\/athletes.in.action\/\",\"https:\/\/www.youtube.com\/@aiaschweiz\"]}]}<\/script>\n<!-- \/ Yoast SEO plugin. -->","yoast_head_json":{"title":"Notre Team - Athletes in Action","description":"Nous sommes l'\u00e9quipe d'Athletes in Action. Apprends \u00e0 nous conna\u00eetre ; ce qui nous passionne et pourquoi nous faisons partie de l'\u00e9quipe AiA.","robots":{"index":"index","follow":"follow","max-snippet":"max-snippet:-1","max-image-preview":"max-image-preview:large","max-video-preview":"max-video-preview:-1"},"canonical":"https:\/\/athletes.ch\/fr\/notre-team\/","og_locale":"fr_FR","og_type":"article","og_title":"Notre Team - Athletes in Action","og_description":"Nous sommes l'\u00e9quipe d'Athletes in Action. Apprends \u00e0 nous conna\u00eetre ; ce qui nous passionne et pourquoi nous faisons partie de l'\u00e9quipe AiA.","og_url":"https:\/\/athletes.ch\/fr\/notre-team\/","og_site_name":"Athletes in Action","article_modified_time":"2025-06-11T16:29:13+00:00","twitter_card":"summary_large_image","twitter_misc":{"Dur\u00e9e de lecture estim\u00e9e":"5 minutes"},"schema":{"@context":"https:\/\/schema.org","@graph":[{"@type":"WebPage","@id":"https:\/\/athletes.ch\/fr\/notre-team\/","url":"https:\/\/athletes.ch\/fr\/notre-team\/","name":"Notre Team - Athletes in Action","isPartOf":{"@id":"https:\/\/athletes.ch\/fr\/#website"},"datePublished":"2024-09-13T08:39:22+00:00","dateModified":"2025-06-11T16:29:13+00:00","description":"Nous sommes l'\u00e9quipe d'Athletes in Action. Apprends \u00e0 nous conna\u00eetre ; ce qui nous passionne et pourquoi nous faisons partie de l'\u00e9quipe AiA.","breadcrumb":{"@id":"https:\/\/athletes.ch\/fr\/notre-team\/#breadcrumb"},"inLanguage":"fr-FR","potentialAction":[{"@type":"ReadAction","target":["https:\/\/athletes.ch\/fr\/notre-team\/"]}]},{"@type":"BreadcrumbList","@id":"https:\/\/athletes.ch\/fr\/notre-team\/#breadcrumb","itemListElement":[{"@type":"ListItem","position":1,"name":"Startseite","item":"https:\/\/athletes.ch\/fr\/"},{"@type":"ListItem","position":2,"name":"Notre Team"}]},{"@type":"WebSite","@id":"https:\/\/athletes.ch\/fr\/#website","url":"https:\/\/athletes.ch\/fr\/","name":"Athletes in Action","description":"Eine internationale, christliche Sportorganisation, die Menschen im Sport in Lebens- und Glaubensfragen unterst\u00fctzt.","publisher":{"@id":"https:\/\/athletes.ch\/fr\/#organization"},"potentialAction":[{"@type":"SearchAction","target":{"@type":"EntryPoint","urlTemplate":"https:\/\/athletes.ch\/fr\/?s={search_term_string}"},"query-input":{"@type":"PropertyValueSpecification","valueRequired":true,"valueName":"search_term_string"}}],"inLanguage":"fr-FR"},{"@type":"Organization","@id":"https:\/\/athletes.ch\/fr\/#organization","name":"Athletes in Action","url":"https:\/\/athletes.ch\/fr\/","logo":{"@type":"ImageObject","inLanguage":"fr-FR","@id":"https:\/\/athletes.ch\/fr\/#\/schema\/logo\/image\/","url":"https:\/\/athletes.ch\/wp-content\/uploads\/2024\/09\/AiA_Logo_blau_RGB.svg","contentUrl":"https:\/\/athletes.ch\/wp-content\/uploads\/2024\/09\/AiA_Logo_blau_RGB.svg","width":578,"height":259,"caption":"Athletes in Action"},"image":{"@id":"https:\/\/athletes.ch\/fr\/#\/schema\/logo\/image\/"},"sameAs":["https:\/\/www.instagram.com\/athletes.in.action\/","https:\/\/www.youtube.com\/@aiaschweiz"]}]}},"_links":{"self":[{"href":"https:\/\/athletes.ch\/fr\/wp-json\/wp\/v2\/pages\/5411","targetHints":{"allow":["GET"]}}],"collection":[{"href":"https:\/\/athletes.ch\/fr\/wp-json\/wp\/v2\/pages"}],"about":[{"href":"https:\/\/athletes.ch\/fr\/wp-json\/wp\/v2\/types\/page"}],"author":[{"embeddable":true,"href":"https:\/\/athletes.ch\/fr\/wp-json\/wp\/v2\/users\/1"}],"replies":[{"embeddable":true,"href":"https:\/\/athletes.ch\/fr\/wp-json\/wp\/v2\/comments?post=5411"}],"version-history":[{"count":0,"href":"https:\/\/athletes.ch\/fr\/wp-json\/wp\/v2\/pages\/5411\/revisions"}],"wp:attachment":[{"href":"https:\/\/athletes.ch\/fr\/wp-json\/wp\/v2\/media?parent=5411"}],"curies":[{"name":"wp","href":"https:\/\/api.w.org\/{rel}","templated":true}]}}